{"id":1477,"date":"2025-12-15T11:10:21","date_gmt":"2025-12-15T10:10:21","guid":{"rendered":"https:\/\/gasteizpsicologia.com\/?page_id=1477"},"modified":"2026-01-31T12:30:53","modified_gmt":"2026-01-31T11:30:53","slug":"emdr","status":"publish","type":"page","link":"https:\/\/gasteizpsicologia.com\/index.php\/emdr\/","title":{"rendered":"EMDR"},"content":{"rendered":"\t\t<div data-elementor-type=\"wp-page\" data-elementor-id=\"1477\" class=\"elementor elementor-1477\" data-elementor-post-type=\"page\">\n\t\t\t\t<div class=\"elementor-element elementor-element-3c7e018 e-flex e-con-boxed e-con e-parent\" data-id=\"3c7e018\" data-element_type=\"container\" data-e-type=\"container\" data-settings=\"{&quot;background_background&quot;:&quot;classic&quot;}\">\n\t\t\t\t\t<div class=\"e-con-inner\">\n\t\t\t\t\t<\/div>\n\t\t\t\t<\/div>\n\t\t<div class=\"elementor-element elementor-element-8a4bf0a e-flex e-con-boxed e-con e-parent\" data-id=\"8a4bf0a\" data-element_type=\"container\" data-e-type=\"container\" data-settings=\"{&quot;shape_divider_bottom&quot;:&quot;mountains&quot;}\">\n\t\t\t\t\t<div class=\"e-con-inner\">\n\t\t\t\t<div class=\"elementor-shape elementor-shape-bottom\" aria-hidden=\"true\" data-negative=\"false\">\n\t\t\t<svg xmlns=\"http:\/\/www.w3.org\/2000\/svg\" viewBox=\"0 0 1000 100\" preserveAspectRatio=\"none\">\n\t<path class=\"elementor-shape-fill\" opacity=\"0.33\" d=\"M473,67.3c-203.9,88.3-263.1-34-320.3,0C66,119.1,0,59.7,0,59.7V0h1000v59.7 c0,0-62.1,26.1-94.9,29.3c-32.8,3.3-62.8-12.3-75.8-22.1C806,49.6,745.3,8.7,694.9,4.7S492.4,59,473,67.3z\"\/>\n\t<path class=\"elementor-shape-fill\" opacity=\"0.66\" d=\"M734,67.3c-45.5,0-77.2-23.2-129.1-39.1c-28.6-8.7-150.3-10.1-254,39.1 s-91.7-34.4-149.2,0C115.7,118.3,0,39.8,0,39.8V0h1000v36.5c0,0-28.2-18.5-92.1-18.5C810.2,18.1,775.7,67.3,734,67.3z\"\/>\n\t<path class=\"elementor-shape-fill\" d=\"M766.1,28.9c-200-57.5-266,65.5-395.1,19.5C242,1.8,242,5.4,184.8,20.6C128,35.8,132.3,44.9,89.9,52.5C28.6,63.7,0,0,0,0 h1000c0,0-9.9,40.9-83.6,48.1S829.6,47,766.1,28.9z\"\/>\n<\/svg>\t\t<\/div>\n\t\t\t\t<div class=\"elementor-element elementor-element-e32eb47 elementor-widget elementor-widget-image\" data-id=\"e32eb47\" data-element_type=\"widget\" data-e-type=\"widget\" data-widget_type=\"image.default\">\n\t\t\t\t<div class=\"elementor-widget-container\">\n\t\t\t\t\t\t\t\t\t\t\t\t\t\t\t<img fetchpriority=\"high\" decoding=\"async\" width=\"800\" height=\"519\" src=\"https:\/\/gasteizpsicologia.com\/wp-content\/uploads\/2025\/12\/EMDR3.webp\" class=\"attachment-large size-large wp-image-1483\" alt=\"\" srcset=\"https:\/\/gasteizpsicologia.com\/wp-content\/uploads\/2025\/12\/EMDR3.webp 1024w, https:\/\/gasteizpsicologia.com\/wp-content\/uploads\/2025\/12\/EMDR3-300x195.webp 300w, https:\/\/gasteizpsicologia.com\/wp-content\/uploads\/2025\/12\/EMDR3-768x498.webp 768w\" sizes=\"(max-width: 800px) 100vw, 800px\" \/>\t\t\t\t\t\t\t\t\t\t\t\t\t\t\t<\/div>\n\t\t\t\t<\/div>\n\t\t<div class=\"elementor-element elementor-element-0b5815d e-con-full e-flex e-con e-child\" data-id=\"0b5815d\" data-element_type=\"container\" data-e-type=\"container\">\n\t\t\t\t<div class=\"elementor-element elementor-element-7e8a248 elementor-widget__width-initial elementor-widget-divider--view-line elementor-widget elementor-widget-divider\" data-id=\"7e8a248\" data-element_type=\"widget\" data-e-type=\"widget\" data-widget_type=\"divider.default\">\n\t\t\t\t<div class=\"elementor-widget-container\">\n\t\t\t\t\t\t\t<div class=\"elementor-divider\">\n\t\t\t<span class=\"elementor-divider-separator\">\n\t\t\t\t\t\t<\/span>\n\t\t<\/div>\n\t\t\t\t\t\t<\/div>\n\t\t\t\t<\/div>\n\t\t\t\t<div class=\"elementor-element elementor-element-ecb522f elementor-widget elementor-widget-heading\" data-id=\"ecb522f\" data-element_type=\"widget\" data-e-type=\"widget\" data-widget_type=\"heading.default\">\n\t\t\t\t<div class=\"elementor-widget-container\">\n\t\t\t\t\t<h1 class=\"elementor-heading-title elementor-size-default\">TERAPIA EMDR<\/h1>\t\t\t\t<\/div>\n\t\t\t\t<\/div>\n\t\t\t\t<\/div>\n\t\t\t\t<div class=\"elementor-element elementor-element-177386a elementor-widget elementor-widget-text-editor\" data-id=\"177386a\" data-element_type=\"widget\" data-e-type=\"widget\" data-widget_type=\"text-editor.default\">\n\t\t\t\t<div class=\"elementor-widget-container\">\n\t\t\t\t\t\t\t\t\t<p>La terapia de desensibilizaci\u00f3n y reprocesamiento por movimientos oculares (EMDR) es un m\u00e9todo terap\u00e9utico desarrollado por Francine Shapiro en la d\u00e9cada de los 80.<\/p><p>La terapia EMDR ha demostrado ser muy eficaz en el tratamiento del trauma y en la ayuda a personas que sufren ansiedad, depresi\u00f3n, fobias, adicciones, trastornos de la alimentaci\u00f3n o que han tenido experiencias de abusos, violencia o accidentes, etc.<\/p><p>El tratamiento con EMDR se basa en el Modelo de Procesamiento Adaptativo de Informaci\u00f3n (PAI), que parte de la idea de que el sistema nervioso tiene los mecanismos necesarios para procesar e integrar las vivencias que van sucediendo en la vida de la persona. En ocasiones, cuanto estas experiencias resultan m\u00e1s intensas y estresantes, el sistema puede bloquearse quedando el recuerdo de la vivencia sin elaborar, provocando malestar y s\u00edntomas en el presente.<\/p><p>En la terapia EMDR es posible acceder a estos recuerdos y permitir que se desbloqueen, facilitando que el sistema nervioso pueda integrarlos, permitiendo se reanude el proceso de curaci\u00f3n natural que qued\u00f3 interrumpido.<br \/>La experiencia a\u00fan se recuerda, pero el s\u00edntoma y el malestar asociado se resuelven.<\/p><p><!-- \/wp:paragraph --><\/p>\t\t\t\t\t\t\t\t<\/div>\n\t\t\t\t<\/div>\n\t\t<div class=\"elementor-element elementor-element-0b9d10f e-con-full e-flex e-con e-child\" data-id=\"0b9d10f\" data-element_type=\"container\" data-e-type=\"container\">\n\t\t\t\t<\/div>\n\t\t\t\t\t<\/div>\n\t\t\t\t<\/div>\n\t\t\t\t<\/div>\n\t\t","protected":false},"excerpt":{"rendered":"<p>TERAPIA EMDR La terapia de desensibilizaci\u00f3n y reprocesamiento por movimientos oculares (EMDR) es un m\u00e9todo terap\u00e9utico desarrollado por Francine Shapiro en la d\u00e9cada de los 80. La terapia EMDR ha demostrado ser muy eficaz en el tratamiento del trauma y en la ayuda a personas que sufren ansiedad, depresi\u00f3n, fobias, adicciones, trastornos de la alimentaci\u00f3n [&hellip;]<\/p>\n","protected":false},"author":1,"featured_media":0,"parent":0,"menu_order":0,"comment_status":"closed","ping_status":"closed","template":"elementor_header_footer","meta":{"footnotes":""},"class_list":["post-1477","page","type-page","status-publish","hentry"],"_links":{"self":[{"href":"https:\/\/gasteizpsicologia.com\/index.php\/wp-json\/wp\/v2\/pages\/1477","targetHints":{"allow":["GET"]}}],"collection":[{"href":"https:\/\/gasteizpsicologia.com\/index.php\/wp-json\/wp\/v2\/pages"}],"about":[{"href":"https:\/\/gasteizpsicologia.com\/index.php\/wp-json\/wp\/v2\/types\/page"}],"author":[{"embeddable":true,"href":"https:\/\/gasteizpsicologia.com\/index.php\/wp-json\/wp\/v2\/users\/1"}],"replies":[{"embeddable":true,"href":"https:\/\/gasteizpsicologia.com\/index.php\/wp-json\/wp\/v2\/comments?post=1477"}],"version-history":[{"count":19,"href":"https:\/\/gasteizpsicologia.com\/index.php\/wp-json\/wp\/v2\/pages\/1477\/revisions"}],"predecessor-version":[{"id":1821,"href":"https:\/\/gasteizpsicologia.com\/index.php\/wp-json\/wp\/v2\/pages\/1477\/revisions\/1821"}],"wp:attachment":[{"href":"https:\/\/gasteizpsicologia.com\/index.php\/wp-json\/wp\/v2\/media?parent=1477"}],"curies":[{"name":"wp","href":"https:\/\/api.w.org\/{rel}","templated":true}]}}